{"id":183,"date":"2022-08-05T10:28:53","date_gmt":"2022-08-05T08:28:53","guid":{"rendered":"https:\/\/stanislaswilusz.fr\/?page_id=183"},"modified":"2025-11-09T21:12:05","modified_gmt":"2025-11-09T20:12:05","slug":"accueil","status":"publish","type":"page","link":"https:\/\/stanislaswilusz.fr\/","title":{"rendered":"Accueil"},"content":{"rendered":"\n<figure class=\"wp-block-image size-large is-resized\"><img loading=\"lazy\" decoding=\"async\" width=\"1024\" height=\"571\" src=\"https:\/\/stanislaswilusz.fr\/wp-content\/uploads\/2022\/07\/Stan_Accueil-1024x571.jpg\" alt=\"\" class=\"wp-image-30\" style=\"width:704px;height:auto\" srcset=\"https:\/\/stanislaswilusz.fr\/wp-content\/uploads\/2022\/07\/Stan_Accueil-1024x571.jpg 1024w, https:\/\/stanislaswilusz.fr\/wp-content\/uploads\/2022\/07\/Stan_Accueil-300x167.jpg 300w, https:\/\/stanislaswilusz.fr\/wp-content\/uploads\/2022\/07\/Stan_Accueil-768x428.jpg 768w, https:\/\/stanislaswilusz.fr\/wp-content\/uploads\/2022\/07\/Stan_Accueil-1536x856.jpg 1536w, https:\/\/stanislaswilusz.fr\/wp-content\/uploads\/2022\/07\/Stan_Accueil-2048x1141.jpg 2048w, https:\/\/stanislaswilusz.fr\/wp-content\/uploads\/2022\/07\/Stan_Accueil-1568x874.jpg 1568w\" sizes=\"auto, (max-width: 1024px) 100vw, 1024px\" \/><\/figure>\n\n\n\n<p><strong>Bienvenue sur <\/strong><em><strong>Praxis et psych\u00e9<\/strong><\/em><strong> pour vous accompagner dans votre d\u00e9passement de soi<\/strong><\/p>\n\n\n\n<p><em>Praxis et psych\u00e9<\/em>, par le biais de l&rsquo;accompagnement <em>mon\u0152dipe<\/em>, a pour objectif de vous offrir une \u00e9coute, de partager mutuellement une exp\u00e9rience et de cerner ensemble une voie \u00e0 prendre dans votre d\u00e9marche pour surmonter vos freins qui brident votre \u00e9panouissement personnel.<\/p>\n\n\n\n<p><strong><span style=\"text-decoration: underline;\">Le complexe d\u2019\u0152dipe non r\u00e9solu \u00e0 l\u2019\u00e2ge adulte<\/span><\/strong><\/p>\n\n\n\n<p>L&rsquo;accompagnement <em>mon\u0152dipe<\/em> se positionne principalement sur la probl\u00e9matique du complexe d\u2019\u0152dipe non r\u00e9solu \u00e0 l\u2019\u00e2ge adulte. Il a pour vocation d\u2019aborder avec vous ce complexe dans votre cas personnel en toute <strong>confidentialit\u00e9<\/strong>.<\/p>\n\n\n\n<p>Cette probl\u00e9matique peut \u00eatre <strong>d\u00e9pass\u00e9e<\/strong> : il est tout-\u00e0-fait possible de s\u2019en sortir. Aussi, cette difficult\u00e9 prend parfois racine dans des exp\u00e9riences plus anciennes, souvent oubli\u00e9es, qui m\u00e9ritent d\u2019\u00eatre mises en lumi\u00e8re. Enfin, elle peut \u00eatre source de troubles et blocages tels que l\u2019impuissance, les phobies et les obsessions, obstacles que nous pourrons explorer ensemble, pour vous aider \u00e0 les <strong>surmonter<\/strong> \u00e0 votre rythme.<\/p>\n\n\n\n<p>Pour bien comprendre le d\u00e9fi que j&rsquo;ai relev\u00e9 et que je vous propose de relever, je vous invite \u00e0 visionner cette <a href=\"https:\/\/www.youtube.com\/watch?v=TJEWlQWW8_U\">vid\u00e9o<\/a> et son <a href=\"https:\/\/www.youtube.com\/watch?v=MQ4AZNI5YxU\">compl\u00e9ment<\/a>.<\/p>\n\n\n\n<p><strong><span style=\"text-decoration: underline;\">Concr\u00e8tement, quel est l&rsquo;accompagnement propos\u00e9<\/span> ?<\/strong><\/p>\n\n\n\n<p>Avant toute chose, l\u2019accompagnement <em>mon\u0152dipe<\/em> qui vous est propos\u00e9 <strong>n\u2019est pas d\u2019ordre m\u00e9dical : il ne se substitue aucunement<\/strong> <strong>\u00e0 une th\u00e9rapie effectu\u00e9e avec un professionnel de sant\u00e9 qualifi\u00e9<\/strong>.<\/p>\n\n\n\n<p>Fort de mon exp\u00e9rience et de ma capacit\u00e9 \u00e0 avoir moi-m\u00eame r\u00e9solu, \u00e0 26 ans, ce complexe et plusieurs probl\u00e9matiques qui ont pu chez moi en d\u00e9couler, <strong>je ne suis n\u00e9anmoins pas un professionnel de sant\u00e9<\/strong>.<\/p>\n\n\n\n<p>Ce que je peux vous apporter, c&rsquo;est mon <strong>exp\u00e9rience<\/strong> et mon <strong>\u00e9coute<\/strong> pour vous accompagner, via au moins 4 entretiens priv\u00e9s t\u00e9l\u00e9phoniques audio ou vid\u00e9o (\u00e0 votre convenance), dans votre d\u00e9marche de vous \u00e9panouir.<\/p>\n\n\n\n<p>Pour en savoir plus sur l&rsquo;<a href=\"https:\/\/stanislaswilusz.fr\/index.php\/accompagnement\/\">accompagnement<\/a> propos\u00e9<\/p>\n\n\n\n<p><strong><span style=\"text-decoration: underline;\">Mes livres, pour compl\u00e9ter mon accompagnement<\/span><\/strong><\/p>\n\n\n\n<p>Mes r\u00e9cits narrent un <strong>v\u00e9cu r\u00e9el<\/strong>, des exp\u00e9riences personnelles <strong>concr\u00e8tes<\/strong> issues de ma propre vie et de celle de mes proches. Ils ont pour objectif de restituer des histoires subjectives authentiques afin d\u2019inciter le lecteur \u00e0 se tourner vers lui-m\u00eame, \u00e0 se questionner, pour en apprendre toujours plus sur son fonctionnement et sa personnalit\u00e9, dans ma sinc\u00e8re conviction que la qu\u00eate de l\u2019\u00e9panouissement passe par cette \u00e9tape.<\/p>\n\n\n\n<p>Le <em>R\u00e9cit d\u2019une \u00e9mancipation<\/em> aborde particuli\u00e8rement le complexe d\u2019\u0152dipe qui, jeune adulte, n\u2019avait pas \u00e9t\u00e9 r\u00e9solu chez moi et le chemin que j&rsquo;ai emprunt\u00e9 pour me d\u00e9passer moi-m\u00eame.<\/p>\n\n\n\n<p>Pour en savoir plus sur mes <a href=\"https:\/\/stanislaswilusz.fr\/index.php\/romans-et-nouvelles\/\" data-type=\"page\" data-id=\"38\">livres<\/a><\/p>\n\n\n\n<p><strong><span style=\"text-decoration: underline;\">Ma cha\u00eene YouTube<\/span><\/strong><\/p>\n\n\n\n<p>En plus de ces romans, via ma cha\u00eene <em>Praxis et psych\u00e9<\/em> j&rsquo;ai pu <strong>t\u00e9moigner<\/strong> des probl\u00e9matiques et des verrous psychiques auxquels j&rsquo;ai d\u00fb faire face. Ce sont des t\u00e9moignages <strong>authentiques<\/strong> qui ont le m\u00e9rite de clairement exposer les \u00e9preuves par lesquelles je suis pass\u00e9.<\/p>\n\n\n\n<p>Pour visionner mes <a href=\"https:\/\/stanislaswilusz.fr\/index.php\/praxis-et-psyche\/\" data-type=\"page\" data-id=\"44\">t\u00e9moignages<\/a><\/p>\n","protected":false},"excerpt":{"rendered":"<p>Bienvenue sur Praxis et psych\u00e9 pour vous accompagner dans votre d\u00e9passement de soi Praxis et psych\u00e9, par le biais de l&rsquo;accompagnement mon\u0152dipe, a pour objectif de vous offrir une \u00e9coute, de partager mutuellement une exp\u00e9rience et de cerner ensemble une voie \u00e0 prendre dans votre d\u00e9marche pour surmonter vos freins qui brident votre \u00e9panouissement personnel. &hellip; <\/p>\n<p class=\"link-more\"><a href=\"https:\/\/stanislaswilusz.fr\/\" class=\"more-link\">Continuer la lecture <span class=\"screen-reader-text\"> \u00ab\u00a0Accueil\u00a0\u00bb<\/span><\/a><\/p>\n","protected":false},"author":1,"featured_media":0,"parent":0,"menu_order":0,"comment_status":"closed","ping_status":"closed","template":"","meta":{"footnotes":""},"class_list":["post-183","page","type-page","status-publish","hentry","entry"],"_links":{"self":[{"href":"https:\/\/stanislaswilusz.fr\/index.php\/wp-json\/wp\/v2\/pages\/183","targetHints":{"allow":["GET"]}}],"collection":[{"href":"https:\/\/stanislaswilusz.fr\/index.php\/wp-json\/wp\/v2\/pages"}],"about":[{"href":"https:\/\/stanislaswilusz.fr\/index.php\/wp-json\/wp\/v2\/types\/page"}],"author":[{"embeddable":true,"href":"https:\/\/stanislaswilusz.fr\/index.php\/wp-json\/wp\/v2\/users\/1"}],"replies":[{"embeddable":true,"href":"https:\/\/stanislaswilusz.fr\/index.php\/wp-json\/wp\/v2\/comments?post=183"}],"version-history":[{"count":69,"href":"https:\/\/stanislaswilusz.fr\/index.php\/wp-json\/wp\/v2\/pages\/183\/revisions"}],"predecessor-version":[{"id":577,"href":"https:\/\/stanislaswilusz.fr\/index.php\/wp-json\/wp\/v2\/pages\/183\/revisions\/577"}],"wp:attachment":[{"href":"https:\/\/stanislaswilusz.fr\/index.php\/wp-json\/wp\/v2\/media?parent=183"}],"curies":[{"name":"wp","href":"https:\/\/api.w.org\/{rel}","templated":true}]}}