{"id":324,"date":"2024-04-04T16:45:43","date_gmt":"2024-04-04T14:45:43","guid":{"rendered":"https:\/\/stanislaswilusz.fr\/?page_id=324"},"modified":"2026-01-03T06:23:30","modified_gmt":"2026-01-03T05:23:30","slug":"accompagnement","status":"publish","type":"page","link":"https:\/\/stanislaswilusz.fr\/index.php\/accompagnement\/","title":{"rendered":"Accompagnement"},"content":{"rendered":"\n<figure class=\"wp-block-image size-large is-resized\"><img loading=\"lazy\" decoding=\"async\" width=\"1024\" height=\"513\" src=\"https:\/\/stanislaswilusz.fr\/wp-content\/uploads\/2024\/04\/Accompagnement-1024x513.png\" alt=\"\" class=\"wp-image-357\" style=\"width:655px;height:auto\" srcset=\"https:\/\/stanislaswilusz.fr\/wp-content\/uploads\/2024\/04\/Accompagnement-1024x513.png 1024w, https:\/\/stanislaswilusz.fr\/wp-content\/uploads\/2024\/04\/Accompagnement-300x150.png 300w, https:\/\/stanislaswilusz.fr\/wp-content\/uploads\/2024\/04\/Accompagnement-768x385.png 768w, https:\/\/stanislaswilusz.fr\/wp-content\/uploads\/2024\/04\/Accompagnement.png 1432w\" sizes=\"auto, (max-width: 1024px) 100vw, 1024px\" \/><\/figure>\n\n\n\n<p>Pour mettre en place l\u2019accompagnement <em>mon\u0152dipe<\/em>, je me suis souvenu du soutien, de l\u2019\u00e9coute et de la bienveillance qui m\u2019avaient <strong>manqu\u00e9<\/strong> \u00e0 l\u2019\u00e9poque, tout ce dont j\u2019aurais eu besoin pour me lib\u00e9rer du poids de mon mal-\u00eatre, de mon \u00e9closion brid\u00e9e qui me rongeait de l\u2019int\u00e9rieur.<\/p>\n\n\n\n<p>J\u2019\u00e9tais <strong>seul<\/strong>, au d\u00e9part, face \u00e0 l\u2019immensit\u00e9 des obstacles que je devais franchir, immensit\u00e9 et obstacles dont je n\u2019avais m\u00eame pas conscience&#8230; En quelque sorte, je souffrais <strong>\u00e0 mon insu<\/strong>. Sans le savoir, j\u2019en p\u00e2tissais, de mon \u00e9panouissement endigu\u00e9 en tant que jeune adulte&#8230; Je n\u2019admettais pas ma peine ni ma frustration. Mes \u0153ill\u00e8res me prot\u00e9geaient de cette souffrance, mais le temps de mes plus belles ann\u00e9es passait \u00e0 toute vitesse, sans pouvoir en jouir en tant qu\u2019homme. Mes t\u00e9moignages, post\u00e9s sur ma cha\u00eene YouTube <em>Praxis et psych\u00e9<\/em>, expliquent de mani\u00e8re authentique, sans retenue ni d\u00e9tour, la situation dans laquelle je me trouvais. <strong>Je m\u2019en suis sorti<\/strong>.<\/p>\n\n\n\n<p>Ce qui m\u2019avait manqu\u00e9 dans les difficult\u00e9s de ma jeune existence et ce qui a \u00e9t\u00e9 b\u00e9n\u00e9fique pour mon envol, je souhaite vous <strong>l\u2019apporter<\/strong> aujourd\u2019hui via l\u2019accompagnement <em>mon\u0152dipe<\/em> que je vous propose et qui s&rsquo;appuie <em>a minima<\/em> sur <strong>4 entretiens priv\u00e9s<\/strong> audio ou vid\u00e9o, \u00e0 votre convenance.&nbsp;Pour rappel, cet accompagnement <strong>n\u2019est pas d\u2019ordre m\u00e9dical : il ne se substitue aucunement \u00e0 une th\u00e9rapie effectu\u00e9e avec un professionnel de sant\u00e9 qualifi\u00e9<\/strong>.<\/p>\n\n\n\n<p><em>mon\u0152dipe<\/em> est vou\u00e9 \u00e0 vous laisser vous exprimer et \u00e0 vous \u00e9clairer sur les difficult\u00e9s que vous vivez, \u00e0 vous apporter une \u00e9coute et \u00e0 d\u00e9finir ensemble un plan d\u2019action \u00e0 suivre \u00e0 l\u2019avenir, plan d\u2019action dont vous serez vous-m\u00eame le moteur.<\/p>\n\n\n\n<p><strong><span style=\"text-decoration: underline;\">\u00c9tape 1<\/span> : l\u2019expression, par vos mots, de votre probl\u00e9matique.<\/strong><\/p>\n\n\n\n<p>L\u2019objectif de cette premi\u00e8re \u00e9tape est de vous laisser vous exprimer sur la probl\u00e9matique \u00e0 laquelle vous faites actuellement face. Quel est le motif de votre demande d\u2019accompagnement ? Comment se manifeste votre mal-\u00eatre ou vos blocages dans votre vie quotidienne ? En quoi votre \u00e9panouissement se trouve frein\u00e9 et brid\u00e9 ? Cette premi\u00e8re \u00e9tape n\u2019a pas la pr\u00e9tention de trouver les causes profondes de votre malaise actuel. Elle n\u2019est vou\u00e9e qu\u2019\u00e0 mettre des mots sur vos maux, par vos soins, et qu&rsquo;\u00e0 vous \u00e9couter.<\/p>\n\n\n\n<p><strong><span style=\"text-decoration: underline;\">\u00c9tape 2<\/span> : analogies avec ma propre exp\u00e9rience, \u00e9changes.<\/strong><\/p>\n\n\n\n<p>Quelques jours ont pass\u00e9. Ils m\u2019auront permis d\u2019analyser avec recul nos premiers \u00e9changes, de r\u00e9fl\u00e9chir en profondeur sur ce que vous m\u2019avez relat\u00e9 et sur les termes que vous avez employ\u00e9s, la forme de votre expression \u00e9tant tout aussi importante que le fond de votre message. Cette deuxi\u00e8me \u00e9tape sera alors pour nous l\u2019occasion d\u2019\u00e9changer sur les points communs entre votre situation actuelle et mon v\u00e9cu, analogies que j\u2019aurai entre-temps relev\u00e9es. La confrontation des exp\u00e9riences est enrichissante. Nous partagerons mutuellement la n\u00f4tre, ainsi que notre ressenti sur ce que vous \u00eates en train de vivre.<\/p>\n\n\n\n<p><strong><span style=\"text-decoration: underline;\">\u00c9tape 3<\/span> : votre retour sur l\u2019\u00e9cho en vous de ma propre exp\u00e9rience.<\/strong><\/p>\n\n\n\n<p>Quelques jours ont pass\u00e9, et ces quelques jours ont \u00e9t\u00e9 pour vous un moment de r\u00e9flexion suite \u00e0 notre dernier partage d\u2019exp\u00e9rience. Peut-\u00eatre, comprenez-vous mieux l\u2019impasse dans laquelle vous vous trouvez, parce que vous vous \u00eates senti compris ? Gr\u00e2ce \u00e0 une lucidit\u00e9 et une s\u00e9r\u00e9nit\u00e9 un tant soit peu retrouv\u00e9es, un chemin \u00e0 prendre se dessine-t-il dans votre esprit ? D\u2019autres interrogations vous pr\u00e9occupent-elles ? Aucune inqui\u00e9tude \u00e0 avoir : cette troisi\u00e8me phase sera pour vous l\u2019instant de me faire part de votre configuration de c\u0153ur et d\u2019esprit, et nous tenterons de r\u00e9pondre ensemble \u00e0 toutes vos interrogations.<\/p>\n\n\n\n<p><strong><span style=\"text-decoration: underline;\">\u00c9tape 4<\/span> : \u00e9tablir ensemble un plan d\u2019action dont vous serez le moteur.<\/strong><\/p>\n\n\n\n<p>La quatri\u00e8me et derni\u00e8re phase de l&rsquo;accompagnement aura pour objectif d\u2019\u00e9tablir ensemble une feuille de route, afin de concr\u00e9tiser votre volont\u00e9, que dis-je la n\u00e9cessit\u00e9, de vous \u00e9panouir. Allez-vous par la suite consulter un personnel de sant\u00e9 qualifi\u00e9 et entamer une th\u00e9rapie, comme l&rsquo;avais-je fait \u00e0 l&rsquo;\u00e9poque ? Allez-vous vous lancer dans une activit\u00e9 dans laquelle vous vous d\u00e9couvrirez ? Allez-vous accomplir un projet qui vous tient \u00e0 c\u0153ur ? Ou bien, serez-vous simplement plus attentif \u00e0 vous-m\u00eame dans certaines situations bien pr\u00e9cises ? 1000 voies sont possibles. Sachez que, si le doute subsiste quant \u00e0 ce que vous allez d\u00e9cider, nos entretiens auront assur\u00e9ment eu le m\u00e9rite de vous all\u00e9ger d\u2019un poids : celui du doute, voire du d\u00e9sespoir. Car vous serez enfin persuad\u00e9 que vous vous sortirez de cette impasse.<\/p>\n\n\n\n<p class=\"has-text-align-center\"><strong><span style=\"text-decoration: underline;\">Limites de l&rsquo;accompagnement<\/span><\/strong><\/p>\n\n\n\n<p>L\u2019accompagnement propos\u00e9 s\u2019inscrit dans un cadre strictement non m\u00e9dical. En cons\u00e9quence, la personne accompagn\u00e9e s\u2019engage \u00e0 consulter un professionnel de sant\u00e9 qualifi\u00e9, pour toute question ou pr\u00e9occupation d\u2019ordre m\u00e9dical.<\/p>\n\n\n\n<p>En cas de d\u00e9tresse psychologique, d\u2019id\u00e9es suicidaires, de crise aigu\u00eb ou de perte de contact avec la r\u00e9alit\u00e9, l\u2019accompagnement est imm\u00e9diatement suspendu sans pr\u00e9avis et une prise en charge m\u00e9dicale est prioritaire.<\/p>\n\n\n\n<p>En cas d\u2019urgence imm\u00e9diate, la personne accompagn\u00e9e doit contacter les services de secours :<\/p>\n\n\n\n<p>&#8211; <strong>112<\/strong> (urgence europ\u00e9enne) &#8211; <strong>15<\/strong> (SAMU \u2013 France) &#8211; <strong>3114<\/strong> (num\u00e9ro national de pr\u00e9vention du suicide \u2013 France)<\/p>\n\n\n\n<p class=\"has-text-align-center\"><strong><span style=\"text-decoration: underline;\">Pour toute demande d&rsquo;information (disponibilit\u00e9, tarif&#8230;) ou d\u2019inscription<\/span><\/strong> :<\/p>\n\n\n\n<p class=\"has-text-align-center\">monoedipe@gmail.com<\/p>\n","protected":false},"excerpt":{"rendered":"<p>Pour mettre en place l\u2019accompagnement mon\u0152dipe, je me suis souvenu du soutien, de l\u2019\u00e9coute et de la bienveillance qui m\u2019avaient manqu\u00e9 \u00e0 l\u2019\u00e9poque, tout ce dont j\u2019aurais eu besoin pour me lib\u00e9rer du poids de mon mal-\u00eatre, de mon \u00e9closion brid\u00e9e qui me rongeait de l\u2019int\u00e9rieur. J\u2019\u00e9tais seul, au d\u00e9part, face \u00e0 l\u2019immensit\u00e9 des obstacles &hellip; <\/p>\n<p class=\"link-more\"><a href=\"https:\/\/stanislaswilusz.fr\/index.php\/accompagnement\/\" class=\"more-link\">Continuer la lecture <span class=\"screen-reader-text\"> \u00ab\u00a0Accompagnement\u00a0\u00bb<\/span><\/a><\/p>\n","protected":false},"author":1,"featured_media":0,"parent":0,"menu_order":0,"comment_status":"closed","ping_status":"closed","template":"","meta":{"footnotes":""},"class_list":["post-324","page","type-page","status-publish","hentry","entry"],"_links":{"self":[{"href":"https:\/\/stanislaswilusz.fr\/index.php\/wp-json\/wp\/v2\/pages\/324","targetHints":{"allow":["GET"]}}],"collection":[{"href":"https:\/\/stanislaswilusz.fr\/index.php\/wp-json\/wp\/v2\/pages"}],"about":[{"href":"https:\/\/stanislaswilusz.fr\/index.php\/wp-json\/wp\/v2\/types\/page"}],"author":[{"embeddable":true,"href":"https:\/\/stanislaswilusz.fr\/index.php\/wp-json\/wp\/v2\/users\/1"}],"replies":[{"embeddable":true,"href":"https:\/\/stanislaswilusz.fr\/index.php\/wp-json\/wp\/v2\/comments?post=324"}],"version-history":[{"count":41,"href":"https:\/\/stanislaswilusz.fr\/index.php\/wp-json\/wp\/v2\/pages\/324\/revisions"}],"predecessor-version":[{"id":582,"href":"https:\/\/stanislaswilusz.fr\/index.php\/wp-json\/wp\/v2\/pages\/324\/revisions\/582"}],"wp:attachment":[{"href":"https:\/\/stanislaswilusz.fr\/index.php\/wp-json\/wp\/v2\/media?parent=324"}],"curies":[{"name":"wp","href":"https:\/\/api.w.org\/{rel}","templated":true}]}}