{"id":38,"date":"2022-07-28T22:16:39","date_gmt":"2022-07-28T20:16:39","guid":{"rendered":"https:\/\/stanislaswilusz.fr\/?page_id=38"},"modified":"2024-04-04T07:01:39","modified_gmt":"2024-04-04T05:01:39","slug":"romans-et-nouvelles","status":"publish","type":"page","link":"https:\/\/stanislaswilusz.fr\/index.php\/romans-et-nouvelles\/","title":{"rendered":"Livres"},"content":{"rendered":"\n<figure class=\"wp-block-image size-large is-resized\"><img loading=\"lazy\" decoding=\"async\" width=\"875\" height=\"1024\" src=\"https:\/\/stanislaswilusz.fr\/wp-content\/uploads\/2022\/07\/Livres-875x1024.jpg\" alt=\"\" class=\"wp-image-39\" style=\"width:338px;height:395px\" srcset=\"https:\/\/stanislaswilusz.fr\/wp-content\/uploads\/2022\/07\/Livres-875x1024.jpg 875w, https:\/\/stanislaswilusz.fr\/wp-content\/uploads\/2022\/07\/Livres-256x300.jpg 256w, https:\/\/stanislaswilusz.fr\/wp-content\/uploads\/2022\/07\/Livres-768x899.jpg 768w, https:\/\/stanislaswilusz.fr\/wp-content\/uploads\/2022\/07\/Livres-1312x1536.jpg 1312w, https:\/\/stanislaswilusz.fr\/wp-content\/uploads\/2022\/07\/Livres-1750x2048.jpg 1750w, https:\/\/stanislaswilusz.fr\/wp-content\/uploads\/2022\/07\/Livres-1568x1835.jpg 1568w\" sizes=\"auto, (max-width: 875px) 100vw, 875px\" \/><\/figure>\n\n\n\n<p>Cette page rassemble mes \u0153uvres en vente sur le <a href=\"https:\/\/www.bookelis.com\/librairie?sl=1&amp;sl=1&amp;orderby=position&amp;orderway=desc&amp;search_query=stanislas+wilusz\" data-type=\"URL\" data-id=\"https:\/\/www.bookelis.com\/librairie?sl=1&amp;sl=1&amp;orderby=position&amp;orderway=desc&amp;search_query=stanislas+wilusz\">site<\/a> de l&rsquo;imprimeur, mais aussi dans <strong>7000 librairies<\/strong> traditionnelles francophones dans le Monde et sur les sites de <strong>vente en ligne<\/strong>.<\/p>\n\n\n\n<p><strong><span style=\"text-decoration: underline;\">Des romans r\u00e9alistes<\/span><\/strong><\/p>\n\n\n\n<p>Le point commun de tous ces r\u00e9cits est qu&rsquo;ils narrent un <strong>v\u00e9cu r\u00e9el<\/strong>, des exp\u00e9riences personnelles <strong>concr\u00e8tes<\/strong> issues de ma propre vie et de celle de mes proches. Ils ont pour objectif de restituer des histoires subjectives <strong>authentiques<\/strong> afin d&rsquo;inciter le lecteur \u00e0 <strong>se tourner vers lui-m\u00eame<\/strong>, \u00e0 se questionner, pour en apprendre toujours plus sur son fonctionnement et sa personnalit\u00e9.<\/p>\n\n\n\n<p>Ils font aussi partie d&rsquo;un univers commun. Par exemple, nous pouvons \u00e0 peine croiser un personnage jouant un r\u00f4le minime dans un roman pour \u00eatre le personnage principal au sein d&rsquo;un autre. Cette alternance, entre distance et proximit\u00e9, renforce la curiosit\u00e9 du lecteur et \u00e9claircit les actes de ce personnage par le d\u00e9voilement de son v\u00e9cu ailleurs. On comprend mieux <em>a posteriori<\/em> son fonctionnement, ce qui d\u00e9veloppe l&#8217;empathie du lecteur.<\/p>\n\n\n\n<p><strong><span style=\"text-decoration: underline;\">Une attention particuli\u00e8re port\u00e9e sur l&rsquo;\u00e9closion de l&rsquo;individu<\/span><\/strong><\/p>\n\n\n\n<p>Comprenant mon fonctionnement psychique, apr\u00e8s une longue introspection durant plusieurs ann\u00e9es, j&rsquo;ai souhait\u00e9 le coucher sur papier pour vous le partager. J&rsquo;ai voulu retranscrire <strong>fid\u00e8lement<\/strong> la r\u00e9alit\u00e9 de mon v\u00e9cu en mettant en lumi\u00e8re le <em>mouvement dynamique<\/em> du d\u00e9passement de soi que j&rsquo;ai pu percevoir chez moi.<\/p>\n\n\n\n<p>En effet, le cheminement vers la maturit\u00e9 et l&rsquo;\u00e9panouissement est tout sauf statique, et des points communs entre diff\u00e9rents v\u00e9cus peuvent \u00eatre not\u00e9s. Par exemple, tr\u00e8s souvent, nous \u00e9voluons non pas parce que nous l&rsquo;avons d\u00e9cid\u00e9 un matin apr\u00e8s nous \u00eatre r\u00e9veill\u00e9s, mais bien parce que ce changement est n\u00e9cessaire tant nous avons longtemps souffert.<\/p>\n\n\n\n<p>Romancer, sans expliquer, permet au lecteur de se mettre dans la peau du personnage principal dans sa qu\u00eate de la maturit\u00e9 et d&rsquo;y participer activement. Pour expliquer un processus, il n&rsquo;y a rien de mieux que d&rsquo;en donner une illustration concr\u00e8te.<\/p>\n\n\n\n<p>Dans ces livres, nous retrouvons aussi des histoires saugrenues, mais pourtant bien r\u00e9elles, et des \u00e9preuves difficiles que certains de mes proches ont dignement surmont\u00e9es. Ils en sont sortis grandis, de cette adversit\u00e9, et vous restituer fid\u00e8lement leur combat \u00e9tait, \u00e0 mes yeux, de la plus haute importance.<\/p>\n\n\n\n<p><strong><span style=\"text-decoration: underline;\">Concr\u00e8tement, \u00e7a donne quoi<\/span> ?<\/strong><\/p>\n\n\n\n<p>Le <a href=\"https:\/\/stanislaswilusz.fr\/index.php\/recit-dune-emancipation\/\" data-type=\"URL\" data-id=\"https:\/\/stanislaswilusz.fr\/index.php\/recit-dune-emancipation\/\">R\u00e9cit d&rsquo;une \u00e9mancipation<\/a> raconte l&rsquo;enfance et l&rsquo;arriv\u00e9e \u00e0 l&rsquo;\u00e2ge adulte du petit Sacha, le benjamin et pr\u00e9f\u00e9r\u00e9 d&rsquo;une fratrie. Un contexte familial difficile impose \u00e0 l&rsquo;enfant de s&rsquo;en prot\u00e9ger, \u00e0 l&rsquo;aide de m\u00e9canismes psychologiques inconscients et de croyances qui brideront par la suite son \u00e9mancipation.<\/p>\n\n\n\n<p><a href=\"https:\/\/stanislaswilusz.fr\/index.php\/maeva\/\" data-type=\"URL\" data-id=\"https:\/\/stanislaswilusz.fr\/index.php\/maeva\/\">Maeva<\/a> narre l&rsquo;histoire d&rsquo;une R\u00e9unionnaise ayant grandi en r\u00e9gion parisienne. Tumultes et \u00e9preuves difficiles joncheront sa jeune vie, fruits d&rsquo;une instabilit\u00e9 \u00e9motionnelle. N\u00e9anmoins, avec du courage et de la t\u00e9nacit\u00e9, elle s&rsquo;extirpera de ces temp\u00eates.<\/p>\n\n\n\n<p><a href=\"https:\/\/stanislaswilusz.fr\/index.php\/le-naufrage\/\" data-type=\"URL\" data-id=\"https:\/\/stanislaswilusz.fr\/index.php\/le-naufrage\/\">Le naufrage<\/a> est une nouvelle pr\u00e9sentant un r\u00eave \u00e9trange de Sacha, mais r\u00e9v\u00e9lateur de son \u00e9closion racont\u00e9e dans le <em>R\u00e9cit d&rsquo;une \u00e9mancipation<\/em>. La symbolique des r\u00eaves chez Freud est tr\u00e8s pr\u00e9sente dans cette nouvelle.<\/p>\n\n\n\n<p><a href=\"https:\/\/stanislaswilusz.fr\/index.php\/mon-ami\/\" data-type=\"URL\" data-id=\"https:\/\/stanislaswilusz.fr\/index.php\/mon-ami\/\">Mon ami<\/a> est un roman \u00e9pistolaire d\u00e9voilant une correspondance entre amis, avant l&rsquo;arriv\u00e9e d&rsquo;internet. La trahison et la rivalit\u00e9 fraternelle y sont particuli\u00e8rement \u00e9tudi\u00e9es. <\/p>\n\n\n\n<p><a href=\"https:\/\/stanislaswilusz.fr\/index.php\/le-regne-des-elans-reprimes\/\" data-type=\"URL\" data-id=\"https:\/\/stanislaswilusz.fr\/index.php\/le-regne-des-elans-reprimes\/\">Le r\u00e8gne des \u00e9lans r\u00e9prim\u00e9s<\/a> est un roman illustr\u00e9 en vers, constitu\u00e9 de 480 strophes de 14 vers de 8 syllabes. Nous y d\u00e9couvrons l&rsquo;enfance de Gabriel, jeune homme introverti. Le refoulement de ses \u00e9motions lui jouera, durant son cheminement, des tours&#8230; Jusqu&rsquo;\u00e0 la folie ?<\/p>\n\n\n\n<p>Pour une pr\u00e9sentation g\u00e9n\u00e9rale de mes livres, je vous invite \u00e0 visionner cette <a href=\"https:\/\/www.youtube.com\/watch?v=sd-6j8jbwcM\">vid\u00e9o<\/a>.<\/p>\n\n\n\n<p><strong><span style=\"text-decoration: underline;\">En version papier<\/span><\/strong><\/p>\n\n\n\n<p>Pour l&rsquo;instant, les romans et nouvelles ne sont en vente qu&rsquo;en version papier. Toutefois, sous peu, une version num\u00e9rique sera disponible.<\/p>\n","protected":false},"excerpt":{"rendered":"<p>Cette page rassemble mes \u0153uvres en vente sur le site de l&rsquo;imprimeur, mais aussi dans 7000 librairies traditionnelles francophones dans le Monde et sur les sites de vente en ligne. Des romans r\u00e9alistes Le point commun de tous ces r\u00e9cits est qu&rsquo;ils narrent un v\u00e9cu r\u00e9el, des exp\u00e9riences personnelles concr\u00e8tes issues de ma propre vie &hellip; <\/p>\n<p class=\"link-more\"><a href=\"https:\/\/stanislaswilusz.fr\/index.php\/romans-et-nouvelles\/\" class=\"more-link\">Continuer la lecture <span class=\"screen-reader-text\"> \u00ab\u00a0Livres\u00a0\u00bb<\/span><\/a><\/p>\n","protected":false},"author":1,"featured_media":0,"parent":0,"menu_order":0,"comment_status":"closed","ping_status":"closed","template":"","meta":{"footnotes":""},"class_list":["post-38","page","type-page","status-publish","hentry","entry"],"_links":{"self":[{"href":"https:\/\/stanislaswilusz.fr\/index.php\/wp-json\/wp\/v2\/pages\/38","targetHints":{"allow":["GET"]}}],"collection":[{"href":"https:\/\/stanislaswilusz.fr\/index.php\/wp-json\/wp\/v2\/pages"}],"about":[{"href":"https:\/\/stanislaswilusz.fr\/index.php\/wp-json\/wp\/v2\/types\/page"}],"author":[{"embeddable":true,"href":"https:\/\/stanislaswilusz.fr\/index.php\/wp-json\/wp\/v2\/users\/1"}],"replies":[{"embeddable":true,"href":"https:\/\/stanislaswilusz.fr\/index.php\/wp-json\/wp\/v2\/comments?post=38"}],"version-history":[{"count":38,"href":"https:\/\/stanislaswilusz.fr\/index.php\/wp-json\/wp\/v2\/pages\/38\/revisions"}],"predecessor-version":[{"id":322,"href":"https:\/\/stanislaswilusz.fr\/index.php\/wp-json\/wp\/v2\/pages\/38\/revisions\/322"}],"wp:attachment":[{"href":"https:\/\/stanislaswilusz.fr\/index.php\/wp-json\/wp\/v2\/media?parent=38"}],"curies":[{"name":"wp","href":"https:\/\/api.w.org\/{rel}","templated":true}]}}