{"id":44,"date":"2022-07-28T22:28:20","date_gmt":"2022-07-28T20:28:20","guid":{"rendered":"https:\/\/stanislaswilusz.fr\/?page_id=44"},"modified":"2025-11-09T21:12:37","modified_gmt":"2025-11-09T20:12:37","slug":"praxis-et-psyche","status":"publish","type":"page","link":"https:\/\/stanislaswilusz.fr\/index.php\/praxis-et-psyche\/","title":{"rendered":"Cha\u00eene"},"content":{"rendered":"\n<figure class=\"wp-block-image size-large is-resized\"><img loading=\"lazy\" decoding=\"async\" width=\"1024\" height=\"567\" src=\"https:\/\/stanislaswilusz.fr\/wp-content\/uploads\/2024\/04\/Chaine1-1024x567.png\" alt=\"\" class=\"wp-image-300\" style=\"width:729px;height:auto\" srcset=\"https:\/\/stanislaswilusz.fr\/wp-content\/uploads\/2024\/04\/Chaine1-1024x567.png 1024w, https:\/\/stanislaswilusz.fr\/wp-content\/uploads\/2024\/04\/Chaine1-300x166.png 300w, https:\/\/stanislaswilusz.fr\/wp-content\/uploads\/2024\/04\/Chaine1-768x425.png 768w, https:\/\/stanislaswilusz.fr\/wp-content\/uploads\/2024\/04\/Chaine1-1536x851.png 1536w, https:\/\/stanislaswilusz.fr\/wp-content\/uploads\/2024\/04\/Chaine1-1568x868.png 1568w, https:\/\/stanislaswilusz.fr\/wp-content\/uploads\/2024\/04\/Chaine1.png 1674w\" sizes=\"auto, (max-width: 1024px) 100vw, 1024px\" \/><\/figure>\n\n\n\n<p><em>Praxis et psych\u00e9<\/em> est une cha\u00eene <a href=\"https:\/\/www.youtube.com\/channel\/UCPu4pWByFVUozSfrT2q2yuQ\/videos\" data-type=\"URL\" data-id=\"https:\/\/www.youtube.com\/channel\/UCPu4pWByFVUozSfrT2q2yuQ\/videos\">YouTube<\/a> | <a href=\"https:\/\/open.spotify.com\/show\/6qEFhGkz2HWa9dVEXqqKCA\" data-type=\"URL\" data-id=\"https:\/\/open.spotify.com\/show\/6qEFhGkz2HWa9dVEXqqKCA\">Spotify<\/a> ayant pour but de partager une <strong>r\u00e9flexion sur soi<\/strong> autour de la probl\u00e9matique du complexe d&rsquo;\u0152dipe non r\u00e9solu, mais aussi celles de l&rsquo;angoisse, des phobies et des obsessions auxquelles j&rsquo;ai d\u00fb faire face.<\/p>\n\n\n\n<p>En effet, ne se focaliser que sur le complexe d&rsquo;\u0152dipe et vous voiler les autres difficult\u00e9s par lesquelles je suis pass\u00e9 aurait \u00e9t\u00e9 un choix infructueux de ma part. Pour traiter le complexe, j&rsquo;ai d\u00fb tout autant <strong>d\u00e9samorcer d&rsquo;autres freins<\/strong> qui m&#8217;emp\u00eachaient d&rsquo;avancer.<\/p>\n\n\n\n<p><strong><span style=\"text-decoration: underline;\">Des t\u00e9moignages au programme<\/span><\/strong><\/p>\n\n\n\n<p>Cette cha\u00eene me permet avant tout de vous partager mes t\u00e9moignages et r\u00e9flexions au sujet des \u00e9preuves et des \u00e9tapes par lesquelles je suis pass\u00e9 pour devenir un homme adulte <strong>\u00e9mancip\u00e9<\/strong> de ces barri\u00e8res et <strong>\u00e9panoui<\/strong> aujourd&rsquo;hui. Revenant de loin, il \u00e9tait pour moi de la plus haute importance de vous transmettre mon v\u00e9cu, ayant l&rsquo;intime conviction que ce partage pourrait vous apporter une aide, aussi minime soit-elle, dans les difficult\u00e9s que vous vivez aujourd&rsquo;hui.<\/p>\n\n\n\n<p class=\"has-text-align-center\"><em><span style=\"text-decoration: underline;\"><strong>Mes t\u00e9moignages sur le complexe d&rsquo;\u0152dipe<\/strong><\/span><\/em><\/p>\n\n\n\n<p class=\"has-text-align-center\"><a href=\"https:\/\/www.youtube.com\/watch?v=TJEWlQWW8_U\">Vid\u00e9o 9<\/a> : le complexe d&rsquo;\u0152dipe non r\u00e9solu \u00e0 l&rsquo;\u00e2ge adulte<\/p>\n\n\n\n<p class=\"has-text-align-center\"><a href=\"https:\/\/www.youtube.com\/watch?v=MQ4AZNI5YxU\">Vid\u00e9o 42<\/a> : la r\u00e9solution du complexe d&rsquo;\u0152dipe<\/p>\n\n\n\n<p class=\"has-text-align-center\"><a href=\"https:\/\/www.youtube.com\/watch?v=6x7l9kEjPPU\">Vid\u00e9o 52<\/a> : complexe d&rsquo;\u0152dipe et transfert en psychoth\u00e9rapie<\/p>\n\n\n\n<p class=\"has-text-align-center\"><a href=\"https:\/\/www.youtube.com\/watch?v=xKTD6dEYSnI\">Vid\u00e9o 57<\/a> : complexe d&rsquo;\u0152dipe et impuissance masculine<\/p>\n\n\n\n<p class=\"has-text-align-center\"><a href=\"https:\/\/www.youtube.com\/watch?v=IBePGHQbiF0\">Vid\u00e9o 94<\/a> : la grille de lecture du complexe d&rsquo;\u0152dipe<\/p>\n\n\n\n<p class=\"has-text-align-center\"><a href=\"https:\/\/www.youtube.com\/watch?v=kMojwWvpmNI\">Vid\u00e9o 126<\/a> : la psychanalyse pour r\u00e9soudre le complexe d&rsquo;\u0152dipe<\/p>\n\n\n\n<p class=\"has-text-align-center\"><em><span style=\"text-decoration: underline;\"><strong>Mes t\u00e9moignages sur l&rsquo;angoisse d&rsquo;abandon<\/strong><\/span><\/em><\/p>\n\n\n\n<p class=\"has-text-align-center\"><a href=\"https:\/\/www.youtube.com\/watch?v=M0Vpf8souek\">Vid\u00e9o 26<\/a> : l&rsquo;angoisse d&rsquo;abandon, comment s&rsquo;en lib\u00e9rer<\/p>\n\n\n\n<p class=\"has-text-align-center\"><a href=\"https:\/\/www.youtube.com\/watch?v=ph4XfNFsvqs\">Vid\u00e9o 108<\/a> : l&rsquo;attachement anxieux et l&rsquo;angoisse d&rsquo;abandon<\/p>\n\n\n\n<p class=\"has-text-align-center\"><a href=\"https:\/\/www.youtube.com\/watch?v=-wULiYvV_Mw\">Vid\u00e9o 114<\/a> : comprendre la d\u00e9pendance affective<\/p>\n\n\n\n<p class=\"has-text-align-center\"><em><span style=\"text-decoration: underline;\"><strong>Mon t\u00e9moignage sur la phobie<\/strong><\/span><\/em><\/p>\n\n\n\n<p class=\"has-text-align-center\"><a href=\"https:\/\/www.youtube.com\/watch?v=sDkojbgyqWI\">Vid\u00e9o 8<\/a> : phobie et d\u00e9placement de l&rsquo;angoisse<\/p>\n\n\n\n<p class=\"has-text-align-center\"><em><span style=\"text-decoration: underline;\"><strong>Mes t\u00e9moignages sur les obsessions<\/strong><\/span><\/em><\/p>\n\n\n\n<p class=\"has-text-align-center\"><a href=\"https:\/\/www.youtube.com\/watch?v=UjtPw0p7B_s\">Vid\u00e9o 7<\/a> : les troubles obsessionnels compulsifs (TOC)<\/p>\n\n\n\n<p class=\"has-text-align-center\"><a href=\"https:\/\/www.youtube.com\/watch?v=yDhZGojgw_k\">Vid\u00e9o 28<\/a> : l&rsquo;obsession de l&rsquo;ordre et de la perfection<\/p>\n\n\n\n<p class=\"has-text-align-center\"><a href=\"https:\/\/www.youtube.com\/watch?v=RVkqfy448N4\">Vid\u00e9o 75<\/a> : nostalgie et obsessions<\/p>\n\n\n\n<p class=\"has-text-align-center\"><a href=\"https:\/\/www.youtube.com\/watch?v=tgJ58VNIEds\">Vid\u00e9o 88<\/a> : le cercle vicieux des troubles obsessionnels compulsifs (TOC)<\/p>\n\n\n\n<p class=\"has-text-align-center\"><em><span style=\"text-decoration: underline;\"><strong>D&rsquo;autres vid\u00e9os qui pourraient vous int\u00e9resser&#8230;<\/strong><\/span><\/em><\/p>\n\n\n\n<p class=\"has-text-align-center\"><a href=\"https:\/\/www.youtube.com\/watch?v=rJy96TdqkmY\">Vid\u00e9o 10<\/a> : m\u00e9canisme de projection et passage \u00e0 l&rsquo;acte<\/p>\n\n\n\n<p class=\"has-text-align-center\"><a href=\"https:\/\/www.youtube.com\/watch?v=I97T5cqjWkE\">Vid\u00e9o 18<\/a> : accomplir pour s&rsquo;accomplir<\/p>\n\n\n\n<p class=\"has-text-align-center\"><a href=\"https:\/\/www.youtube.com\/watch?v=IlElYl7ucZs\">Vid\u00e9o 22<\/a> : les probabilit\u00e9s pour faire face \u00e0 l&rsquo;angoisse<\/p>\n\n\n\n<p class=\"has-text-align-center\"><a href=\"https:\/\/www.youtube.com\/watch?v=JJVuB94c-S4\">Vid\u00e9o 27<\/a> : la puissance de l&rsquo;introspection et de la connaissance de soi<\/p>\n\n\n\n<p class=\"has-text-align-center\"><a href=\"https:\/\/www.youtube.com\/watch?v=cxRR6DUw7Kc\">Vid\u00e9o 61<\/a> : prise de conscience et antid\u00e9presseurs<\/p>\n\n\n\n<p class=\"has-text-align-center\"><a href=\"https:\/\/www.youtube.com\/watch?v=Le9MGgtHRr0\">Vid\u00e9o 64<\/a> : votre coll\u00e8gue n&rsquo;est pas un psy<\/p>\n\n\n\n<p class=\"has-text-align-center\"><a href=\"https:\/\/www.youtube.com\/watch?v=bxhCXpNO8tc\">Vid\u00e9o 65<\/a> : un danger du bien-\u00eatre sur la consommation d&rsquo;alcool<\/p>\n\n\n\n<p class=\"has-text-align-center\"><a href=\"https:\/\/www.youtube.com\/watch?v=vAhOqQqHNS8\">Vid\u00e9o 67<\/a> : se r\u00e9compenser soi-m\u00eame<\/p>\n\n\n\n<p class=\"has-text-align-center\"><a href=\"https:\/\/www.youtube.com\/watch?v=d1HrZ0IwoRo\">Vid\u00e9o 69<\/a> : alcool, addiction et isolement<\/p>\n\n\n\n<p class=\"has-text-align-center\"><a href=\"https:\/\/www.youtube.com\/watch?v=J4ta__-sAJI\">Vid\u00e9o 72<\/a> : autosabotage, \u00e9duquez votre doute<\/p>\n\n\n\n<p class=\"has-text-align-center\"><a href=\"https:\/\/www.youtube.com\/watch?v=T9K6DCMstXE\">Vid\u00e9o 73<\/a> : alcool, une astuce pour faire face au manque<\/p>\n\n\n\n<p class=\"has-text-align-center\"><a href=\"https:\/\/www.youtube.com\/watch?v=wfUb_rLK6YI\">Vid\u00e9o 77<\/a> : ma psychoth\u00e9rapie<\/p>\n\n\n\n<p class=\"has-text-align-center\"><a href=\"https:\/\/www.youtube.com\/watch?v=v8m3Ee2n7Yg\">Vid\u00e9o 78<\/a> : la panne sexuelle dans le couple<\/p>\n\n\n\n<p class=\"has-text-align-center\"><a href=\"https:\/\/www.youtube.com\/watch?v=bEmwwmGpLvg\">Vid\u00e9o 79<\/a> : mon addiction au porno<\/p>\n\n\n\n<p class=\"has-text-align-center\"><a href=\"https:\/\/www.youtube.com\/watch?v=26GSnr1IkIk\">Vid\u00e9o 80<\/a> : ma reconversion professionnelle<\/p>\n\n\n\n<p class=\"has-text-align-center\"><a href=\"https:\/\/www.youtube.com\/watch?v=zqd4Rtf-s9U\">Vid\u00e9o 82<\/a> : le but de la psychanalyse<\/p>\n\n\n\n<p class=\"has-text-align-center\"><a href=\"https:\/\/www.youtube.com\/watch?v=VPoMWFf9fec\">Vid\u00e9o 83<\/a> : la pire erreur dans l&rsquo;accomplissement de vos projets<\/p>\n\n\n\n<p class=\"has-text-align-center\"><a href=\"https:\/\/www.youtube.com\/watch?v=itIWL8IXijo\">Vid\u00e9o 86<\/a> : la mis\u00e8re sexuelle<\/p>\n\n\n\n<p class=\"has-text-align-center\"><a href=\"https:\/\/www.youtube.com\/watch?v=r6OXQGV4Gcw\">Vid\u00e9o 93<\/a> : de la frustration \u00e0 l&rsquo;accomplissement<\/p>\n\n\n\n<p class=\"has-text-align-center\"><a href=\"https:\/\/www.youtube.com\/watch?v=JWN8rEsEaPs\">Vid\u00e9o 97<\/a> : amour de soi et narcissisme<\/p>\n\n\n\n<p class=\"has-text-align-center\"><a href=\"https:\/\/www.youtube.com\/watch?v=aTnP2dD7Y_8\">Vid\u00e9o 99<\/a> : tomber amoureux et aimer<\/p>\n\n\n\n<p class=\"has-text-align-center\"><a href=\"https:\/\/www.youtube.com\/watch?v=unR5WLw43Xc\">Vid\u00e9o 100<\/a> : la distance dans les relations<\/p>\n\n\n\n<p class=\"has-text-align-center\"><a href=\"https:\/\/www.youtube.com\/watch?v=JXkoOqZtWJY\">Vid\u00e9o 101<\/a> : les freins au d\u00e9sir<\/p>\n\n\n\n<p class=\"has-text-align-center\"><a href=\"https:\/\/www.youtube.com\/watch?v=ijbFQOn466Q\">Vid\u00e9o 105<\/a> : id\u00e9alisation du pass\u00e9 et fuite du pr\u00e9sent<\/p>\n\n\n\n<p class=\"has-text-align-center\"><a href=\"https:\/\/www.youtube.com\/watch?v=uvru_E0pyxw\">Vid\u00e9o 109<\/a> : comprendre la n\u00e9vrose et la psychose<\/p>\n\n\n\n<p class=\"has-text-align-center\"><a href=\"https:\/\/www.youtube.com\/watch?v=AnqAdLbrPKA\">Vid\u00e9o 110<\/a> : la d\u00e9formation de la r\u00e9alit\u00e9<\/p>\n\n\n\n<p class=\"has-text-align-center\"><a href=\"https:\/\/www.youtube.com\/watch?v=2I17Mpdi8C4\">Vid\u00e9o 112<\/a> : fatigue et angoisse dans la n\u00e9vrose<\/p>\n\n\n\n<p class=\"has-text-align-center\"><a href=\"https:\/\/www.youtube.com\/watch?v=lxKKKt_s200\">Vid\u00e9o 113<\/a> : les trois conflits majeurs dans la n\u00e9vrose<\/p>\n\n\n\n<p class=\"has-text-align-center\"><a href=\"https:\/\/www.youtube.com\/watch?v=W0j-bij8MO8\">Vid\u00e9o 115<\/a> : se complaire dans la souffrance<\/p>\n\n\n\n<p class=\"has-text-align-center\"><a href=\"https:\/\/www.youtube.com\/watch?v=k-me2kc-TAk\">Vid\u00e9o 116<\/a> : la peur du regard des autres<\/p>\n\n\n\n<p class=\"has-text-align-center\"><a href=\"https:\/\/www.youtube.com\/watch?v=0jgpWLLWZDU\">Vid\u00e9o 119<\/a> : se r\u00e9concilier avec soi-m\u00eame<\/p>\n\n\n\n<p class=\"has-text-align-center\"><a href=\"https:\/\/www.youtube.com\/watch?v=0UPm4shfG2U\">Vid\u00e9o 123<\/a> : le transfert en psychoth\u00e9rapie<\/p>\n\n\n\n<p class=\"has-text-align-center\"><a href=\"https:\/\/www.youtube.com\/watch?v=tRLua-Hx78M\">Vid\u00e9o 128<\/a> : comment le psychisme se d\u00e9veloppe<\/p>\n\n\n\n<p class=\"has-text-align-center\"><em>Et bien d&rsquo;autres vid\u00e9os \u00e0 regarder sur la cha\u00eene&#8230;<\/em><\/p>\n","protected":false},"excerpt":{"rendered":"<p>Praxis et psych\u00e9 est une cha\u00eene YouTube | Spotify ayant pour but de partager une r\u00e9flexion sur soi autour de la probl\u00e9matique du complexe d&rsquo;\u0152dipe non r\u00e9solu, mais aussi celles de l&rsquo;angoisse, des phobies et des obsessions auxquelles j&rsquo;ai d\u00fb faire face. En effet, ne se focaliser que sur le complexe d&rsquo;\u0152dipe et vous voiler &hellip; <\/p>\n<p class=\"link-more\"><a href=\"https:\/\/stanislaswilusz.fr\/index.php\/praxis-et-psyche\/\" class=\"more-link\">Continuer la lecture <span class=\"screen-reader-text\"> \u00ab\u00a0Cha\u00eene\u00a0\u00bb<\/span><\/a><\/p>\n","protected":false},"author":1,"featured_media":0,"parent":0,"menu_order":0,"comment_status":"closed","ping_status":"closed","template":"","meta":{"footnotes":""},"class_list":["post-44","page","type-page","status-publish","hentry","entry"],"_links":{"self":[{"href":"https:\/\/stanislaswilusz.fr\/index.php\/wp-json\/wp\/v2\/pages\/44","targetHints":{"allow":["GET"]}}],"collection":[{"href":"https:\/\/stanislaswilusz.fr\/index.php\/wp-json\/wp\/v2\/pages"}],"about":[{"href":"https:\/\/stanislaswilusz.fr\/index.php\/wp-json\/wp\/v2\/types\/page"}],"author":[{"embeddable":true,"href":"https:\/\/stanislaswilusz.fr\/index.php\/wp-json\/wp\/v2\/users\/1"}],"replies":[{"embeddable":true,"href":"https:\/\/stanislaswilusz.fr\/index.php\/wp-json\/wp\/v2\/comments?post=44"}],"version-history":[{"count":106,"href":"https:\/\/stanislaswilusz.fr\/index.php\/wp-json\/wp\/v2\/pages\/44\/revisions"}],"predecessor-version":[{"id":578,"href":"https:\/\/stanislaswilusz.fr\/index.php\/wp-json\/wp\/v2\/pages\/44\/revisions\/578"}],"wp:attachment":[{"href":"https:\/\/stanislaswilusz.fr\/index.php\/wp-json\/wp\/v2\/media?parent=44"}],"curies":[{"name":"wp","href":"https:\/\/api.w.org\/{rel}","templated":true}]}}