{"id":51,"date":"2022-07-28T23:05:41","date_gmt":"2022-07-28T21:05:41","guid":{"rendered":"https:\/\/stanislaswilusz.fr\/?page_id=51"},"modified":"2025-11-09T21:14:07","modified_gmt":"2025-11-09T20:14:07","slug":"qui-suis-je","status":"publish","type":"page","link":"https:\/\/stanislaswilusz.fr\/index.php\/qui-suis-je\/","title":{"rendered":"Qui suis-je ?"},"content":{"rendered":"\n<figure class=\"wp-block-image size-large is-resized\"><img loading=\"lazy\" decoding=\"async\" width=\"966\" height=\"1024\" src=\"https:\/\/stanislaswilusz.fr\/wp-content\/uploads\/2022\/07\/A-Propos-966x1024.jpg\" alt=\"\" class=\"wp-image-53\" style=\"width:402px;height:auto\" srcset=\"https:\/\/stanislaswilusz.fr\/wp-content\/uploads\/2022\/07\/A-Propos-966x1024.jpg 966w, https:\/\/stanislaswilusz.fr\/wp-content\/uploads\/2022\/07\/A-Propos-283x300.jpg 283w, https:\/\/stanislaswilusz.fr\/wp-content\/uploads\/2022\/07\/A-Propos-768x814.jpg 768w, https:\/\/stanislaswilusz.fr\/wp-content\/uploads\/2022\/07\/A-Propos-1449x1536.jpg 1449w, https:\/\/stanislaswilusz.fr\/wp-content\/uploads\/2022\/07\/A-Propos-1568x1662.jpg 1568w, https:\/\/stanislaswilusz.fr\/wp-content\/uploads\/2022\/07\/A-Propos.jpg 1643w\" sizes=\"auto, (max-width: 966px) 100vw, 966px\" \/><\/figure>\n\n\n\n<p><strong><span style=\"text-decoration: underline;\">M\u00e9tier et passion<\/span><\/strong><\/p>\n\n\n\n<p>Ing\u00e9nieur g\u00e9n\u00e9raliste de formation, j&rsquo;\u00e9volue dans le calcul et la programmation depuis quinze ans. En parall\u00e8le de mon attrait pour les math\u00e9matiques et le d\u00e9veloppement de codes, l&rsquo;\u00e2me humaine me passionne tant par sa profondeur que par sa complexit\u00e9 et ses contradictions.<\/p>\n\n\n\n<p><strong><span style=\"text-decoration: underline;\">Me confronter \u00e0 moi-m\u00eame a chang\u00e9 ma vie<\/span><\/strong><\/p>\n\n\n\n<p>Mon introspection et mon \u00e9mancipation ont fait na\u00eetre cette passion. J&rsquo;ai appris, avec le temps et gr\u00e2ce \u00e0 elles, \u00e0 agir et \u00e0 donner le meilleur de moi-m\u00eame dans les relations humaines et mes projets, tout en restant authentique et fid\u00e8le \u00e0 la personne que je suis.<\/p>\n\n\n\n<p><strong><span style=\"text-decoration: underline;\">Un b\u00e9n\u00e9fique retour aux origines<\/span><\/strong><\/p>\n\n\n\n<p>D&rsquo;origine polonaise c\u00f4t\u00e9 p\u00e8re, d&rsquo;origine russe et arm\u00e9nienne c\u00f4t\u00e9 m\u00e8re, je me suis plong\u00e9 dans la litt\u00e9rature classique russe depuis 2012. Un besoin de renouer avec mes origines motivait cet \u00e9lan. J&rsquo;y ai d\u00e9couvert un univers litt\u00e9raire passionnant roman\u00e7ant la complexit\u00e9 de l&rsquo;\u00eatre humain, soumis \u00e0 des d\u00e9terminations objectives.<\/p>\n\n\n\n<p><strong><span style=\"text-decoration: underline;\">Avancer ensemble<\/span><\/strong><\/p>\n\n\n\n<p>La vie m&rsquo;a donn\u00e9 la chance d&rsquo;avoir rencontr\u00e9 celles et ceux qui sont devenus mes amis aujourd&rsquo;hui, amis qui ont su susciter ma curiosit\u00e9 sur une multitude de sujets difficiles \u00e0 saisir mais captivants. Voil\u00e0 pourquoi je souhaite \u00e0 pr\u00e9sent, via ce site internet, partager mon v\u00e9cu et mes r\u00e9flexions, avec l&rsquo;aide pr\u00e9cieuse de mes proches sans qui je n&rsquo;aurais pu entamer cette belle aventure, dans l&rsquo;espoir de vous apporter de l&rsquo;\u00e9coute et de la s\u00e9r\u00e9nit\u00e9 dans les vicissitudes de votre vie.<\/p>\n\n\n\n<p><strong><span style=\"text-decoration: underline;\">Pour me joindre<\/span> :<\/strong> praxis.psyche@gmail.com<\/p>\n","protected":false},"excerpt":{"rendered":"<p>M\u00e9tier et passion Ing\u00e9nieur g\u00e9n\u00e9raliste de formation, j&rsquo;\u00e9volue dans le calcul et la programmation depuis quinze ans. En parall\u00e8le de mon attrait pour les math\u00e9matiques et le d\u00e9veloppement de codes, l&rsquo;\u00e2me humaine me passionne tant par sa profondeur que par sa complexit\u00e9 et ses contradictions. Me confronter \u00e0 moi-m\u00eame a chang\u00e9 ma vie Mon introspection &hellip; <\/p>\n<p class=\"link-more\"><a href=\"https:\/\/stanislaswilusz.fr\/index.php\/qui-suis-je\/\" class=\"more-link\">Continuer la lecture <span class=\"screen-reader-text\"> \u00ab\u00a0Qui suis-je ?\u00a0\u00bb<\/span><\/a><\/p>\n","protected":false},"author":1,"featured_media":0,"parent":0,"menu_order":0,"comment_status":"closed","ping_status":"closed","template":"","meta":{"footnotes":""},"class_list":["post-51","page","type-page","status-publish","hentry","entry"],"_links":{"self":[{"href":"https:\/\/stanislaswilusz.fr\/index.php\/wp-json\/wp\/v2\/pages\/51","targetHints":{"allow":["GET"]}}],"collection":[{"href":"https:\/\/stanislaswilusz.fr\/index.php\/wp-json\/wp\/v2\/pages"}],"about":[{"href":"https:\/\/stanislaswilusz.fr\/index.php\/wp-json\/wp\/v2\/types\/page"}],"author":[{"embeddable":true,"href":"https:\/\/stanislaswilusz.fr\/index.php\/wp-json\/wp\/v2\/users\/1"}],"replies":[{"embeddable":true,"href":"https:\/\/stanislaswilusz.fr\/index.php\/wp-json\/wp\/v2\/comments?post=51"}],"version-history":[{"count":12,"href":"https:\/\/stanislaswilusz.fr\/index.php\/wp-json\/wp\/v2\/pages\/51\/revisions"}],"predecessor-version":[{"id":579,"href":"https:\/\/stanislaswilusz.fr\/index.php\/wp-json\/wp\/v2\/pages\/51\/revisions\/579"}],"wp:attachment":[{"href":"https:\/\/stanislaswilusz.fr\/index.php\/wp-json\/wp\/v2\/media?parent=51"}],"curies":[{"name":"wp","href":"https:\/\/api.w.org\/{rel}","templated":true}]}}