{"id":71,"date":"2022-07-29T08:49:19","date_gmt":"2022-07-29T06:49:19","guid":{"rendered":"https:\/\/stanislaswilusz.fr\/?page_id=71"},"modified":"2022-07-29T14:39:15","modified_gmt":"2022-07-29T12:39:15","slug":"recit-dune-emancipation","status":"publish","type":"page","link":"https:\/\/stanislaswilusz.fr\/index.php\/recit-dune-emancipation\/","title":{"rendered":"R\u00e9cit d&rsquo;une \u00e9mancipation"},"content":{"rendered":"\n<figure class=\"wp-block-image size-full is-resized\"><img loading=\"lazy\" decoding=\"async\" src=\"https:\/\/stanislaswilusz.fr\/wp-content\/uploads\/2022\/07\/Recit-d-une-emancipation.png\" alt=\"\" class=\"wp-image-72\" width=\"281\" height=\"437\" srcset=\"https:\/\/stanislaswilusz.fr\/wp-content\/uploads\/2022\/07\/Recit-d-une-emancipation.png 436w, https:\/\/stanislaswilusz.fr\/wp-content\/uploads\/2022\/07\/Recit-d-une-emancipation-193x300.png 193w\" sizes=\"auto, (max-width: 281px) 100vw, 281px\" \/><\/figure>\n\n\n\n<p><strong>Extrait :<\/strong><\/p>\n\n\n\n<p>Sacha se rhabilla le c\u0153ur serr\u00e9 et le visage boulevers\u00e9. Elle l&rsquo;observa prendre ses affaires et vit ses larmes commencer \u00e0 couler : cette nouvelle d\u00e9convenue lui suffit pour \u00e9vacuer devant elle toute la tristesse accumul\u00e9e depuis tant d&rsquo;ann\u00e9es par ses perp\u00e9tuelles d\u00e9sillusions du c\u0153ur. C&rsquo;\u00e9tait la goutte d&rsquo;eau qui fit d\u00e9border le vase. Il partit de chez elle en sanglots son champagne \u00e0 la main, sans un mot pour elle qui le regardait pour la derni\u00e8re fois dans son soulagement inavou\u00e9. Il rejoignit ensuite le m\u00e9tro toujours en pleurs mais discrets cette fois-ci, les gens \u00e9tonn\u00e9s le scrutaient tristement mais il ne ressentait plus aucune g\u00eane : sa souffrance \u00e0 son paroxysme vainquit d\u00e9finitivement son orgueil. Elle envahit son abdomen, pour la premi\u00e8re fois de sa vie elle l&rsquo;avait transperc\u00e9.<\/p>\n\n\n\n<p><strong>Commande<\/strong> :<\/p>\n\n\n\n<p><a href=\"https:\/\/www.bookelis.com\/developpement-personnel\/26098-Recit-d-une-emancipation.html\">Lien<\/a> pour commander sur le site de l&rsquo;imprimeur<\/p>\n","protected":false},"excerpt":{"rendered":"<p>Extrait : Sacha se rhabilla le c\u0153ur serr\u00e9 et le visage boulevers\u00e9. Elle l&rsquo;observa prendre ses affaires et vit ses larmes commencer \u00e0 couler : cette nouvelle d\u00e9convenue lui suffit pour \u00e9vacuer devant elle toute la tristesse accumul\u00e9e depuis tant d&rsquo;ann\u00e9es par ses perp\u00e9tuelles d\u00e9sillusions du c\u0153ur. C&rsquo;\u00e9tait la goutte d&rsquo;eau qui fit d\u00e9border le &hellip; <\/p>\n<p class=\"link-more\"><a href=\"https:\/\/stanislaswilusz.fr\/index.php\/recit-dune-emancipation\/\" class=\"more-link\">Continuer la lecture <span class=\"screen-reader-text\"> \u00ab\u00a0R\u00e9cit d&rsquo;une \u00e9mancipation\u00a0\u00bb<\/span><\/a><\/p>\n","protected":false},"author":1,"featured_media":0,"parent":0,"menu_order":0,"comment_status":"closed","ping_status":"closed","template":"","meta":{"footnotes":""},"class_list":["post-71","page","type-page","status-publish","hentry","entry"],"_links":{"self":[{"href":"https:\/\/stanislaswilusz.fr\/index.php\/wp-json\/wp\/v2\/pages\/71","targetHints":{"allow":["GET"]}}],"collection":[{"href":"https:\/\/stanislaswilusz.fr\/index.php\/wp-json\/wp\/v2\/pages"}],"about":[{"href":"https:\/\/stanislaswilusz.fr\/index.php\/wp-json\/wp\/v2\/types\/page"}],"author":[{"embeddable":true,"href":"https:\/\/stanislaswilusz.fr\/index.php\/wp-json\/wp\/v2\/users\/1"}],"replies":[{"embeddable":true,"href":"https:\/\/stanislaswilusz.fr\/index.php\/wp-json\/wp\/v2\/comments?post=71"}],"version-history":[{"count":9,"href":"https:\/\/stanislaswilusz.fr\/index.php\/wp-json\/wp\/v2\/pages\/71\/revisions"}],"predecessor-version":[{"id":154,"href":"https:\/\/stanislaswilusz.fr\/index.php\/wp-json\/wp\/v2\/pages\/71\/revisions\/154"}],"wp:attachment":[{"href":"https:\/\/stanislaswilusz.fr\/index.php\/wp-json\/wp\/v2\/media?parent=71"}],"curies":[{"name":"wp","href":"https:\/\/api.w.org\/{rel}","templated":true}]}}