{"id":75,"date":"2022-07-29T08:50:28","date_gmt":"2022-07-29T06:50:28","guid":{"rendered":"https:\/\/stanislaswilusz.fr\/?page_id=75"},"modified":"2022-07-29T14:40:06","modified_gmt":"2022-07-29T12:40:06","slug":"maeva","status":"publish","type":"page","link":"https:\/\/stanislaswilusz.fr\/index.php\/maeva\/","title":{"rendered":"Maeva"},"content":{"rendered":"\n<figure class=\"wp-block-image size-full is-resized\"><img loading=\"lazy\" decoding=\"async\" src=\"https:\/\/stanislaswilusz.fr\/wp-content\/uploads\/2022\/07\/Maeva.png\" alt=\"\" class=\"wp-image-76\" width=\"283\" height=\"418\" srcset=\"https:\/\/stanislaswilusz.fr\/wp-content\/uploads\/2022\/07\/Maeva.png 450w, https:\/\/stanislaswilusz.fr\/wp-content\/uploads\/2022\/07\/Maeva-203x300.png 203w\" sizes=\"auto, (max-width: 283px) 100vw, 283px\" \/><\/figure>\n\n\n\n<p><strong>Extrait :<\/strong><\/p>\n\n\n\n<p>Maeva effectua sa prise de sang le lendemain matin. Elle partit ensuite travailler sans perdre de temps, au vu de la journ\u00e9e fort charg\u00e9e qui l&rsquo;attendait. Vers quinze heures, elle re\u00e7ut un appel de son m\u00e9decin g\u00e9n\u00e9raliste exigeant d&rsquo;elle de venir \u00e0 son cabinet au plus vite. Elle quitta alors imm\u00e9diatement son travail et sonna chez son m\u00e9decin. Il accueillit aimablement sa patiente et lui annon\u00e7a, empli d&rsquo;une sinc\u00e8re compassion, sa s\u00e9ropositivit\u00e9 \u00e0 l&rsquo;aube de ses vingt-neuf ans.<\/p>\n\n\n\n<p><strong>Commande<\/strong> :<\/p>\n\n\n\n<p><a href=\"https:\/\/www.bookelis.com\/developpement-personnel\/38443-Maeva.html\" data-type=\"URL\" data-id=\"https:\/\/www.bookelis.com\/developpement-personnel\/38443-Maeva.html\">Lien<\/a> pour commander sur le site de l&rsquo;imprimeur<\/p>\n","protected":false},"excerpt":{"rendered":"<p>Extrait : Maeva effectua sa prise de sang le lendemain matin. Elle partit ensuite travailler sans perdre de temps, au vu de la journ\u00e9e fort charg\u00e9e qui l&rsquo;attendait. Vers quinze heures, elle re\u00e7ut un appel de son m\u00e9decin g\u00e9n\u00e9raliste exigeant d&rsquo;elle de venir \u00e0 son cabinet au plus vite. Elle quitta alors imm\u00e9diatement son travail &hellip; <\/p>\n<p class=\"link-more\"><a href=\"https:\/\/stanislaswilusz.fr\/index.php\/maeva\/\" class=\"more-link\">Continuer la lecture <span class=\"screen-reader-text\"> \u00ab\u00a0Maeva\u00a0\u00bb<\/span><\/a><\/p>\n","protected":false},"author":1,"featured_media":0,"parent":0,"menu_order":0,"comment_status":"closed","ping_status":"closed","template":"","meta":{"footnotes":""},"class_list":["post-75","page","type-page","status-publish","hentry","entry"],"_links":{"self":[{"href":"https:\/\/stanislaswilusz.fr\/index.php\/wp-json\/wp\/v2\/pages\/75","targetHints":{"allow":["GET"]}}],"collection":[{"href":"https:\/\/stanislaswilusz.fr\/index.php\/wp-json\/wp\/v2\/pages"}],"about":[{"href":"https:\/\/stanislaswilusz.fr\/index.php\/wp-json\/wp\/v2\/types\/page"}],"author":[{"embeddable":true,"href":"https:\/\/stanislaswilusz.fr\/index.php\/wp-json\/wp\/v2\/users\/1"}],"replies":[{"embeddable":true,"href":"https:\/\/stanislaswilusz.fr\/index.php\/wp-json\/wp\/v2\/comments?post=75"}],"version-history":[{"count":6,"href":"https:\/\/stanislaswilusz.fr\/index.php\/wp-json\/wp\/v2\/pages\/75\/revisions"}],"predecessor-version":[{"id":155,"href":"https:\/\/stanislaswilusz.fr\/index.php\/wp-json\/wp\/v2\/pages\/75\/revisions\/155"}],"wp:attachment":[{"href":"https:\/\/stanislaswilusz.fr\/index.php\/wp-json\/wp\/v2\/media?parent=75"}],"curies":[{"name":"wp","href":"https:\/\/api.w.org\/{rel}","templated":true}]}}