{"id":79,"date":"2022-07-29T08:51:23","date_gmt":"2022-07-29T06:51:23","guid":{"rendered":"https:\/\/stanislaswilusz.fr\/?page_id=79"},"modified":"2022-07-29T14:41:16","modified_gmt":"2022-07-29T12:41:16","slug":"le-naufrage","status":"publish","type":"page","link":"https:\/\/stanislaswilusz.fr\/index.php\/le-naufrage\/","title":{"rendered":"Le naufrage"},"content":{"rendered":"\n<figure class=\"wp-block-image size-full is-resized\"><img loading=\"lazy\" decoding=\"async\" src=\"https:\/\/stanislaswilusz.fr\/wp-content\/uploads\/2022\/07\/Le-naufrage.png\" alt=\"\" class=\"wp-image-80\" width=\"287\" height=\"400\" srcset=\"https:\/\/stanislaswilusz.fr\/wp-content\/uploads\/2022\/07\/Le-naufrage.png 477w, https:\/\/stanislaswilusz.fr\/wp-content\/uploads\/2022\/07\/Le-naufrage-216x300.png 216w\" sizes=\"auto, (max-width: 287px) 100vw, 287px\" \/><\/figure>\n\n\n\n<p><strong>Extrait :<\/strong><\/p>\n\n\n\n<p>La souffrance m&rsquo;accable mais un d\u00e9sir de la comprendre me gagne. Mes tempes\u2026 La douleur ne me l\u00e2che plus, je sens mes vaisseaux se dilater et la veine enfler\u2026 La migraine l&#8217;emporte, \u00e0 un point\u2026 \u00c0 se cogner la t\u00eate contre le mur\u2026 Allong\u00e9, c&rsquo;est finalement mon oreiller que je rencontre. Ma t\u00eate s&rsquo;y pose lentement et son tissu duveteux enveloppe agr\u00e9ablement le c\u00f4t\u00e9 gauche de mon cr\u00e2ne\u2026<\/p>\n\n\n\n<p><strong>Commande<\/strong> :<\/p>\n\n\n\n<p><a href=\"https:\/\/www.bookelis.com\/developpement-personnel\/40682-Le-naufrage.html\" data-type=\"URL\" data-id=\"https:\/\/www.bookelis.com\/developpement-personnel\/40682-Le-naufrage.html\">Lien<\/a> pour commander sur le site de l&rsquo;imprimeur<\/p>\n","protected":false},"excerpt":{"rendered":"<p>Extrait : La souffrance m&rsquo;accable mais un d\u00e9sir de la comprendre me gagne. Mes tempes\u2026 La douleur ne me l\u00e2che plus, je sens mes vaisseaux se dilater et la veine enfler\u2026 La migraine l&#8217;emporte, \u00e0 un point\u2026 \u00c0 se cogner la t\u00eate contre le mur\u2026 Allong\u00e9, c&rsquo;est finalement mon oreiller que je rencontre. Ma t\u00eate &hellip; <\/p>\n<p class=\"link-more\"><a href=\"https:\/\/stanislaswilusz.fr\/index.php\/le-naufrage\/\" class=\"more-link\">Continuer la lecture <span class=\"screen-reader-text\"> \u00ab\u00a0Le naufrage\u00a0\u00bb<\/span><\/a><\/p>\n","protected":false},"author":1,"featured_media":0,"parent":0,"menu_order":0,"comment_status":"closed","ping_status":"closed","template":"","meta":{"footnotes":""},"class_list":["post-79","page","type-page","status-publish","hentry","entry"],"_links":{"self":[{"href":"https:\/\/stanislaswilusz.fr\/index.php\/wp-json\/wp\/v2\/pages\/79","targetHints":{"allow":["GET"]}}],"collection":[{"href":"https:\/\/stanislaswilusz.fr\/index.php\/wp-json\/wp\/v2\/pages"}],"about":[{"href":"https:\/\/stanislaswilusz.fr\/index.php\/wp-json\/wp\/v2\/types\/page"}],"author":[{"embeddable":true,"href":"https:\/\/stanislaswilusz.fr\/index.php\/wp-json\/wp\/v2\/users\/1"}],"replies":[{"embeddable":true,"href":"https:\/\/stanislaswilusz.fr\/index.php\/wp-json\/wp\/v2\/comments?post=79"}],"version-history":[{"count":5,"href":"https:\/\/stanislaswilusz.fr\/index.php\/wp-json\/wp\/v2\/pages\/79\/revisions"}],"predecessor-version":[{"id":156,"href":"https:\/\/stanislaswilusz.fr\/index.php\/wp-json\/wp\/v2\/pages\/79\/revisions\/156"}],"wp:attachment":[{"href":"https:\/\/stanislaswilusz.fr\/index.php\/wp-json\/wp\/v2\/media?parent=79"}],"curies":[{"name":"wp","href":"https:\/\/api.w.org\/{rel}","templated":true}]}}