{"id":83,"date":"2022-07-29T08:52:10","date_gmt":"2022-07-29T06:52:10","guid":{"rendered":"https:\/\/stanislaswilusz.fr\/?page_id=83"},"modified":"2022-07-29T14:42:13","modified_gmt":"2022-07-29T12:42:13","slug":"mon-ami","status":"publish","type":"page","link":"https:\/\/stanislaswilusz.fr\/index.php\/mon-ami\/","title":{"rendered":"Mon ami"},"content":{"rendered":"\n<figure class=\"wp-block-image size-full is-resized\"><img loading=\"lazy\" decoding=\"async\" src=\"https:\/\/stanislaswilusz.fr\/wp-content\/uploads\/2022\/07\/Mon-ami.png\" alt=\"\" class=\"wp-image-84\" width=\"286\" height=\"393\" srcset=\"https:\/\/stanislaswilusz.fr\/wp-content\/uploads\/2022\/07\/Mon-ami.png 485w, https:\/\/stanislaswilusz.fr\/wp-content\/uploads\/2022\/07\/Mon-ami-218x300.png 218w\" sizes=\"auto, (max-width: 286px) 100vw, 286px\" \/><\/figure>\n\n\n\n<p><strong>Extrait :<\/strong><\/p>\n\n\n\n<p>Mon cher ami depuis toujours, c&rsquo;est avec le c\u0153ur lourd que je t&rsquo;\u00e9cris, je n&rsquo;arrive toujours pas \u00e0 avaler la pilule. Le coup derri\u00e8re le cr\u00e2ne, que je me suis pris il y a maintenant six mois, moralement il m&rsquo;a achev\u00e9. Impossible de m&rsquo;en relever\u2026 Nous vivions avec Magdalena un amour authentique, la transparence et la confiance \u00e9taient les ma\u00eetres-mots de notre lien fusionnel\u2026<\/p>\n\n\n\n<p><strong>Commande<\/strong> :<\/p>\n\n\n\n<p><a href=\"https:\/\/www.bookelis.com\/developpement-personnel\/45648-Mon-ami.html\" data-type=\"URL\" data-id=\"https:\/\/www.bookelis.com\/developpement-personnel\/45648-Mon-ami.html\">Lien<\/a> pour commander sur le site de l&rsquo;imprimeur<\/p>\n","protected":false},"excerpt":{"rendered":"<p>Extrait : Mon cher ami depuis toujours, c&rsquo;est avec le c\u0153ur lourd que je t&rsquo;\u00e9cris, je n&rsquo;arrive toujours pas \u00e0 avaler la pilule. Le coup derri\u00e8re le cr\u00e2ne, que je me suis pris il y a maintenant six mois, moralement il m&rsquo;a achev\u00e9. Impossible de m&rsquo;en relever\u2026 Nous vivions avec Magdalena un amour authentique, la &hellip; <\/p>\n<p class=\"link-more\"><a href=\"https:\/\/stanislaswilusz.fr\/index.php\/mon-ami\/\" class=\"more-link\">Continuer la lecture <span class=\"screen-reader-text\"> \u00ab\u00a0Mon ami\u00a0\u00bb<\/span><\/a><\/p>\n","protected":false},"author":1,"featured_media":0,"parent":0,"menu_order":0,"comment_status":"closed","ping_status":"closed","template":"","meta":{"footnotes":""},"class_list":["post-83","page","type-page","status-publish","hentry","entry"],"_links":{"self":[{"href":"https:\/\/stanislaswilusz.fr\/index.php\/wp-json\/wp\/v2\/pages\/83","targetHints":{"allow":["GET"]}}],"collection":[{"href":"https:\/\/stanislaswilusz.fr\/index.php\/wp-json\/wp\/v2\/pages"}],"about":[{"href":"https:\/\/stanislaswilusz.fr\/index.php\/wp-json\/wp\/v2\/types\/page"}],"author":[{"embeddable":true,"href":"https:\/\/stanislaswilusz.fr\/index.php\/wp-json\/wp\/v2\/users\/1"}],"replies":[{"embeddable":true,"href":"https:\/\/stanislaswilusz.fr\/index.php\/wp-json\/wp\/v2\/comments?post=83"}],"version-history":[{"count":5,"href":"https:\/\/stanislaswilusz.fr\/index.php\/wp-json\/wp\/v2\/pages\/83\/revisions"}],"predecessor-version":[{"id":157,"href":"https:\/\/stanislaswilusz.fr\/index.php\/wp-json\/wp\/v2\/pages\/83\/revisions\/157"}],"wp:attachment":[{"href":"https:\/\/stanislaswilusz.fr\/index.php\/wp-json\/wp\/v2\/media?parent=83"}],"curies":[{"name":"wp","href":"https:\/\/api.w.org\/{rel}","templated":true}]}}