{"id":87,"date":"2022-07-29T08:53:31","date_gmt":"2022-07-29T06:53:31","guid":{"rendered":"https:\/\/stanislaswilusz.fr\/?page_id=87"},"modified":"2022-07-29T14:42:37","modified_gmt":"2022-07-29T12:42:37","slug":"le-regne-des-elans-reprimes","status":"publish","type":"page","link":"https:\/\/stanislaswilusz.fr\/index.php\/le-regne-des-elans-reprimes\/","title":{"rendered":"Le r\u00e8gne des \u00e9lans r\u00e9prim\u00e9s"},"content":{"rendered":"\n<figure class=\"wp-block-image size-full is-resized\"><img loading=\"lazy\" decoding=\"async\" src=\"https:\/\/stanislaswilusz.fr\/wp-content\/uploads\/2022\/07\/Le-regne.png\" alt=\"\" class=\"wp-image-88\" width=\"285\" height=\"385\" srcset=\"https:\/\/stanislaswilusz.fr\/wp-content\/uploads\/2022\/07\/Le-regne.png 493w, https:\/\/stanislaswilusz.fr\/wp-content\/uploads\/2022\/07\/Le-regne-222x300.png 222w\" sizes=\"auto, (max-width: 285px) 100vw, 285px\" \/><\/figure>\n\n\n\n<p><strong>Extrait :<\/strong><\/p>\n\n\n\n<p>Durant ses vacances en \u00e9t\u00e9 &#8211; Sur le littoral vend\u00e9en, &#8211; Gabriel Morel, un gamin &#8211; De onze ans, s&rsquo;en allait dans les &#8211; Terres avec ses vieux parents. &#8211; \u00c9teint, muet, qu&rsquo;il s&rsquo;ennuyait &#8211; En pensant \u00e0 la mer, pendant &#8211; Que ses camarades grillaient &#8211; Sur le chaud sable au gr\u00e9 du vent\u2026 &#8211; Marchandaient Sylvie et Andr\u00e9 &#8211; Moult broutilles, meubles d&rsquo;antan. &#8211; Gabi, lui, humait le bois frais &#8211; Et cir\u00e9 par le brocanteur, &#8211; Mal pay\u00e9 pour son dur labeur.<\/p>\n\n\n\n<p><strong>Commande :<\/strong><\/p>\n\n\n\n<p><a href=\"https:\/\/www.bookelis.com\/developpement-personnel\/50148-Le-regne-des-elans-reprimes.html\" data-type=\"URL\" data-id=\"https:\/\/www.bookelis.com\/developpement-personnel\/50148-Le-regne-des-elans-reprimes.html\">Lien<\/a> pour commander sur le site de l&rsquo;imprimeur<\/p>\n","protected":false},"excerpt":{"rendered":"<p>Extrait : Durant ses vacances en \u00e9t\u00e9 &#8211; Sur le littoral vend\u00e9en, &#8211; Gabriel Morel, un gamin &#8211; De onze ans, s&rsquo;en allait dans les &#8211; Terres avec ses vieux parents. &#8211; \u00c9teint, muet, qu&rsquo;il s&rsquo;ennuyait &#8211; En pensant \u00e0 la mer, pendant &#8211; Que ses camarades grillaient &#8211; Sur le chaud sable au gr\u00e9 &hellip; <\/p>\n<p class=\"link-more\"><a href=\"https:\/\/stanislaswilusz.fr\/index.php\/le-regne-des-elans-reprimes\/\" class=\"more-link\">Continuer la lecture <span class=\"screen-reader-text\"> \u00ab\u00a0Le r\u00e8gne des \u00e9lans r\u00e9prim\u00e9s\u00a0\u00bb<\/span><\/a><\/p>\n","protected":false},"author":1,"featured_media":0,"parent":0,"menu_order":0,"comment_status":"closed","ping_status":"closed","template":"","meta":{"footnotes":""},"class_list":["post-87","page","type-page","status-publish","hentry","entry"],"_links":{"self":[{"href":"https:\/\/stanislaswilusz.fr\/index.php\/wp-json\/wp\/v2\/pages\/87","targetHints":{"allow":["GET"]}}],"collection":[{"href":"https:\/\/stanislaswilusz.fr\/index.php\/wp-json\/wp\/v2\/pages"}],"about":[{"href":"https:\/\/stanislaswilusz.fr\/index.php\/wp-json\/wp\/v2\/types\/page"}],"author":[{"embeddable":true,"href":"https:\/\/stanislaswilusz.fr\/index.php\/wp-json\/wp\/v2\/users\/1"}],"replies":[{"embeddable":true,"href":"https:\/\/stanislaswilusz.fr\/index.php\/wp-json\/wp\/v2\/comments?post=87"}],"version-history":[{"count":3,"href":"https:\/\/stanislaswilusz.fr\/index.php\/wp-json\/wp\/v2\/pages\/87\/revisions"}],"predecessor-version":[{"id":158,"href":"https:\/\/stanislaswilusz.fr\/index.php\/wp-json\/wp\/v2\/pages\/87\/revisions\/158"}],"wp:attachment":[{"href":"https:\/\/stanislaswilusz.fr\/index.php\/wp-json\/wp\/v2\/media?parent=87"}],"curies":[{"name":"wp","href":"https:\/\/api.w.org\/{rel}","templated":true}]}}